{"id":4185,"date":"2024-05-06T03:47:00","date_gmt":"2024-05-06T03:47:00","guid":{"rendered":"https:\/\/investinlatam.org\/?page_id=4185"},"modified":"2024-05-06T04:03:37","modified_gmt":"2024-05-06T04:03:37","slug":"reunioes-intermediarias","status":"publish","type":"page","link":"https:\/\/investinlatam.org\/pt-br\/reunioes-intermediarias\/","title":{"rendered":"REUNI\u00d5ES INTERMEDI\u00c1RIAS"},"content":{"rendered":"\t\t<div data-elementor-type=\"wp-page\" data-elementor-id=\"4185\" class=\"elementor elementor-4185 elementor-563\" data-elementor-post-type=\"page\">\n\t\t\t\t\t\t<section class=\"elementor-section elementor-top-section elementor-element elementor-element-635739e elementor-section-height-min-height elementor-section-boxed elementor-section-height-default elementor-section-items-middle\" data-id=\"635739e\" data-element_type=\"section\" data-e-type=\"section\" data-settings=\"{&quot;background_background&quot;:&quot;classic&quot;}\">\n\t\t\t\t\t\t\t<div class=\"elementor-background-overlay\"><\/div>\n\t\t\t\t\t\t\t<div class=\"elementor-container elementor-column-gap-default\">\n\t\t\t\t\t<div class=\"elementor-column elementor-col-100 elementor-top-column elementor-element elementor-element-2fa84d6\" data-id=\"2fa84d6\" data-element_type=\"column\" data-e-type=\"column\">\n\t\t\t<div class=\"elementor-widget-wrap elementor-element-populated\">\n\t\t\t\t\t\t<div class=\"elementor-element elementor-element-65b0c25 elementor-widget elementor-widget-heading\" data-id=\"65b0c25\" data-element_type=\"widget\" data-e-type=\"widget\" data-widget_type=\"heading.default\">\n\t\t\t\t<div class=\"elementor-widget-container\">\n\t\t\t\t\t<p class=\"elementor-heading-title elementor-size-default\">Reuni\u00f5es sob medida<\/p>\t\t\t\t<\/div>\n\t\t\t\t<\/div>\n\t\t\t\t<div class=\"elementor-element elementor-element-8d58e18 elementor-widget-divider--view-line elementor-widget elementor-widget-divider\" data-id=\"8d58e18\" data-element_type=\"widget\" data-e-type=\"widget\" data-widget_type=\"divider.default\">\n\t\t\t\t<div class=\"elementor-widget-container\">\n\t\t\t\t\t\t\t<div class=\"elementor-divider\">\n\t\t\t<span class=\"elementor-divider-separator\">\n\t\t\t\t\t\t<\/span>\n\t\t<\/div>\n\t\t\t\t\t\t<\/div>\n\t\t\t\t<\/div>\n\t\t\t\t\t<\/div>\n\t\t<\/div>\n\t\t\t\t\t<\/div>\n\t\t<\/section>\n\t\t\t\t<section class=\"elementor-section elementor-top-section elementor-element elementor-element-e63a17a elementor-section-content-middle elementor-section-boxed elementor-section-height-default elementor-section-height-default\" data-id=\"e63a17a\" data-element_type=\"section\" data-e-type=\"section\" data-settings=\"{&quot;background_background&quot;:&quot;classic&quot;}\">\n\t\t\t\t\t\t<div class=\"elementor-container elementor-column-gap-wider\">\n\t\t\t\t\t<div class=\"elementor-column elementor-col-50 elementor-top-column elementor-element elementor-element-2f83086\" data-id=\"2f83086\" data-element_type=\"column\" data-e-type=\"column\">\n\t\t\t<div class=\"elementor-widget-wrap elementor-element-populated\">\n\t\t\t\t\t\t<div class=\"elementor-element elementor-element-7c8488d elementor-widget elementor-widget-image\" data-id=\"7c8488d\" data-element_type=\"widget\" data-e-type=\"widget\" data-widget_type=\"image.default\">\n\t\t\t\t<div class=\"elementor-widget-container\">\n\t\t\t\t\t\t\t\t\t\t\t\t\t\t\t<img fetchpriority=\"high\" decoding=\"async\" width=\"284\" height=\"336\" src=\"https:\/\/investinlatam.org\/wp-content\/uploads\/2021\/07\/icono_webinar.png\" class=\"attachment-full size-full wp-image-4188\" alt=\"\" srcset=\"https:\/\/investinlatam.org\/wp-content\/uploads\/2021\/07\/icono_webinar.png 284w, https:\/\/investinlatam.org\/wp-content\/uploads\/2021\/07\/icono_webinar-254x300.png 254w\" sizes=\"(max-width: 284px) 100vw, 284px\" \/>\t\t\t\t\t\t\t\t\t\t\t\t\t\t\t<\/div>\n\t\t\t\t<\/div>\n\t\t\t\t\t<\/div>\n\t\t<\/div>\n\t\t\t\t<div class=\"elementor-column elementor-col-50 elementor-top-column elementor-element elementor-element-1d29e7a\" data-id=\"1d29e7a\" data-element_type=\"column\" data-e-type=\"column\">\n\t\t\t<div class=\"elementor-widget-wrap elementor-element-populated\">\n\t\t\t\t\t\t<div class=\"elementor-element elementor-element-094fa47 elementor-widget elementor-widget-text-editor\" data-id=\"094fa47\" data-element_type=\"widget\" data-e-type=\"widget\" data-widget_type=\"text-editor.default\">\n\t\t\t\t<div class=\"elementor-widget-container\">\n\t\t\t\t\t\t\t\t\t<p><span style=\"background-color: transparent;\">Atualmente, muitas empresas e entidades p\u00fablicas preferem realizar eventos informativos para divulgar os seus produtos, servi\u00e7os ou iniciativas. Esta \u00e9 uma f\u00f3rmula muito interessante para atingir um p\u00fablico mais especializado e atingir objetivos espec\u00edficos.<\/span><\/p><p><span style=\"background-color: transparent; font-family: var(--global-body-font-family);\">Na Invest in Latam podemos apoi\u00e1-lo na realiza\u00e7\u00e3o de reuni\u00f5es sob medida, sejam elas virtuais ou f\u00edsicas. A seguir detalhamos os tipos de reuni\u00f5es que podemos desenvolver e suas vantagens.<\/span><\/p>\t\t\t\t\t\t\t\t<\/div>\n\t\t\t\t<\/div>\n\t\t\t\t\t<\/div>\n\t\t<\/div>\n\t\t\t\t\t<\/div>\n\t\t<\/section>\n\t\t\t\t<section class=\"elementor-section elementor-top-section elementor-element elementor-element-9528ac0 elementor-section-boxed elementor-section-height-default elementor-section-height-default\" data-id=\"9528ac0\" data-element_type=\"section\" data-e-type=\"section\" data-settings=\"{&quot;background_background&quot;:&quot;classic&quot;}\">\n\t\t\t\t\t\t<div class=\"elementor-container elementor-column-gap-default\">\n\t\t\t\t\t<div class=\"elementor-column elementor-col-50 elementor-top-column elementor-element elementor-element-3c61b08\" data-id=\"3c61b08\" data-element_type=\"column\" data-e-type=\"column\">\n\t\t\t<div class=\"elementor-widget-wrap elementor-element-populated\">\n\t\t\t\t\t\t<section class=\"elementor-section elementor-inner-section elementor-element elementor-element-4afc716 elementor-section-boxed elementor-section-height-default elementor-section-height-default\" data-id=\"4afc716\" data-element_type=\"section\" data-e-type=\"section\">\n\t\t\t\t\t\t<div class=\"elementor-container elementor-column-gap-default\">\n\t\t\t\t\t<div class=\"elementor-column elementor-col-50 elementor-inner-column elementor-element elementor-element-64eee47\" data-id=\"64eee47\" data-element_type=\"column\" data-e-type=\"column\">\n\t\t\t<div class=\"elementor-widget-wrap elementor-element-populated\">\n\t\t\t\t\t\t<div class=\"elementor-element elementor-element-d0fbda7 elementor-position-left elementor-vertical-align-middle elementor-widget elementor-widget-image-box\" data-id=\"d0fbda7\" data-element_type=\"widget\" data-e-type=\"widget\" data-widget_type=\"image-box.default\">\n\t\t\t\t<div class=\"elementor-widget-container\">\n\t\t\t\t\t<div class=\"elementor-image-box-wrapper\"><figure class=\"elementor-image-box-img\"><img decoding=\"async\" width=\"155\" height=\"155\" src=\"https:\/\/investinlatam.org\/wp-content\/uploads\/2021\/09\/03-icono_afterwork_02.png\" class=\"attachment-full size-full wp-image-1032\" alt=\"\" srcset=\"https:\/\/investinlatam.org\/wp-content\/uploads\/2021\/09\/03-icono_afterwork_02.png 155w, https:\/\/investinlatam.org\/wp-content\/uploads\/2021\/09\/03-icono_afterwork_02-150x150.png 150w\" sizes=\"(max-width: 155px) 100vw, 155px\" \/><\/figure><div class=\"elementor-image-box-content\"><p class=\"elementor-image-box-title\">Afterwork e outros formatos mais inovadores<\/p><\/div><\/div>\t\t\t\t<\/div>\n\t\t\t\t<\/div>\n\t\t\t\t<div class=\"elementor-element elementor-element-2348348 elementor-position-left elementor-vertical-align-middle elementor-widget elementor-widget-image-box\" data-id=\"2348348\" data-element_type=\"widget\" data-e-type=\"widget\" data-widget_type=\"image-box.default\">\n\t\t\t\t<div class=\"elementor-widget-container\">\n\t\t\t\t\t<div class=\"elementor-image-box-wrapper\"><figure class=\"elementor-image-box-img\"><img decoding=\"async\" width=\"155\" height=\"155\" src=\"https:\/\/investinlatam.org\/wp-content\/uploads\/2021\/09\/02-icono_jornada_especializada_02.png\" class=\"attachment-full size-full wp-image-1031\" alt=\"\" srcset=\"https:\/\/investinlatam.org\/wp-content\/uploads\/2021\/09\/02-icono_jornada_especializada_02.png 155w, https:\/\/investinlatam.org\/wp-content\/uploads\/2021\/09\/02-icono_jornada_especializada_02-150x150.png 150w\" sizes=\"(max-width: 155px) 100vw, 155px\" \/><\/figure><div class=\"elementor-image-box-content\"><p class=\"elementor-image-box-title\">Sess\u00f5es especializadas de um ou v\u00e1rios dias<\/p><\/div><\/div>\t\t\t\t<\/div>\n\t\t\t\t<\/div>\n\t\t\t\t\t<\/div>\n\t\t<\/div>\n\t\t\t\t<div class=\"elementor-column elementor-col-50 elementor-inner-column elementor-element elementor-element-3c3b656\" data-id=\"3c3b656\" data-element_type=\"column\" data-e-type=\"column\">\n\t\t\t<div class=\"elementor-widget-wrap elementor-element-populated\">\n\t\t\t\t\t\t<div class=\"elementor-element elementor-element-fe2615c elementor-position-left elementor-vertical-align-middle elementor-widget elementor-widget-image-box\" data-id=\"fe2615c\" data-element_type=\"widget\" data-e-type=\"widget\" data-widget_type=\"image-box.default\">\n\t\t\t\t<div class=\"elementor-widget-container\">\n\t\t\t\t\t<div class=\"elementor-image-box-wrapper\"><figure class=\"elementor-image-box-img\"><img loading=\"lazy\" decoding=\"async\" width=\"155\" height=\"155\" src=\"https:\/\/investinlatam.org\/wp-content\/uploads\/2021\/09\/03-icono_mercadotecnia_digital_02.png\" class=\"attachment-full size-full wp-image-1016\" alt=\"\" srcset=\"https:\/\/investinlatam.org\/wp-content\/uploads\/2021\/09\/03-icono_mercadotecnia_digital_02.png 155w, https:\/\/investinlatam.org\/wp-content\/uploads\/2021\/09\/03-icono_mercadotecnia_digital_02-150x150.png 150w\" sizes=\"(max-width: 155px) 100vw, 155px\" \/><\/figure><div class=\"elementor-image-box-content\"><p class=\"elementor-image-box-title\">Almo\u00e7os de alto n\u00edvel<\/p><\/div><\/div>\t\t\t\t<\/div>\n\t\t\t\t<\/div>\n\t\t\t\t<div class=\"elementor-element elementor-element-ce49c42 elementor-position-left elementor-vertical-align-middle elementor-widget elementor-widget-image-box\" data-id=\"ce49c42\" data-element_type=\"widget\" data-e-type=\"widget\" data-widget_type=\"image-box.default\">\n\t\t\t\t<div class=\"elementor-widget-container\">\n\t\t\t\t\t<div class=\"elementor-image-box-wrapper\"><figure class=\"elementor-image-box-img\"><img loading=\"lazy\" decoding=\"async\" width=\"155\" height=\"155\" src=\"https:\/\/investinlatam.org\/wp-content\/uploads\/2021\/09\/05-icono_encuentro_formacion_02.png\" class=\"attachment-full size-full wp-image-1034\" alt=\"\" srcset=\"https:\/\/investinlatam.org\/wp-content\/uploads\/2021\/09\/05-icono_encuentro_formacion_02.png 155w, https:\/\/investinlatam.org\/wp-content\/uploads\/2021\/09\/05-icono_encuentro_formacion_02-150x150.png 150w\" sizes=\"(max-width: 155px) 100vw, 155px\" \/><\/figure><div class=\"elementor-image-box-content\"><p class=\"elementor-image-box-title\">Reuni\u00f5es de treinamento, apresenta\u00e7\u00f5es, Master Class, etc.<\/p><\/div><\/div>\t\t\t\t<\/div>\n\t\t\t\t<\/div>\n\t\t\t\t\t<\/div>\n\t\t<\/div>\n\t\t\t\t\t<\/div>\n\t\t<\/section>\n\t\t\t\t<div class=\"elementor-element elementor-element-8978a74 elementor-position-left elementor-vertical-align-middle elementor-widget elementor-widget-image-box\" data-id=\"8978a74\" data-element_type=\"widget\" data-e-type=\"widget\" data-widget_type=\"image-box.default\">\n\t\t\t\t<div class=\"elementor-widget-container\">\n\t\t\t\t\t<div class=\"elementor-image-box-wrapper\"><figure class=\"elementor-image-box-img\"><img loading=\"lazy\" decoding=\"async\" width=\"155\" height=\"155\" src=\"https:\/\/investinlatam.org\/wp-content\/uploads\/2021\/09\/01-icono_workshop_02.png\" class=\"attachment-full size-full wp-image-1035\" alt=\"\" srcset=\"https:\/\/investinlatam.org\/wp-content\/uploads\/2021\/09\/01-icono_workshop_02.png 155w, https:\/\/investinlatam.org\/wp-content\/uploads\/2021\/09\/01-icono_workshop_02-150x150.png 150w\" sizes=\"(max-width: 155px) 100vw, 155px\" \/><\/figure><div class=\"elementor-image-box-content\"><p class=\"elementor-image-box-title\">Workshops privados com chamada especializada (Setor P\u00fablico, Setor Industrial, M\u00eddia, P\u00fablico segmentado por Pa\u00eds, Idioma, etc.)<\/p><\/div><\/div>\t\t\t\t<\/div>\n\t\t\t\t<\/div>\n\t\t\t\t<div class=\"elementor-element elementor-element-5795cb3 elementor-widget elementor-widget-text-editor\" data-id=\"5795cb3\" data-element_type=\"widget\" data-e-type=\"widget\" data-widget_type=\"text-editor.default\">\n\t\t\t\t<div class=\"elementor-widget-container\">\n\t\t\t\t\t\t\t\t\t<p>A vantagem de colaborar com a Invest in Latam \u00e9 o nosso foco regional e setorial, somos a rede regional de Investimentos Sustent\u00e1veis, o que nos permite atrair um p\u00fablico espec\u00edfico que se preocupa com o meio ambiente e com a transforma\u00e7\u00e3o sustent\u00e1vel da nossa regi\u00e3o.<\/p>\t\t\t\t\t\t\t\t<\/div>\n\t\t\t\t<\/div>\n\t\t\t\t\t<\/div>\n\t\t<\/div>\n\t\t\t\t<div class=\"elementor-column elementor-col-50 elementor-top-column elementor-element elementor-element-f2e3e0b\" data-id=\"f2e3e0b\" data-element_type=\"column\" data-e-type=\"column\">\n\t\t\t<div class=\"elementor-widget-wrap\">\n\t\t\t\t\t\t\t<\/div>\n\t\t<\/div>\n\t\t\t\t\t<\/div>\n\t\t<\/section>\n\t\t<div class=\"elementor-element elementor-element-0bf45dd e-flex e-con-boxed e-con e-parent\" data-id=\"0bf45dd\" data-element_type=\"container\" data-e-type=\"container\">\n\t\t\t\t\t<div class=\"e-con-inner\">\n\t\t\t\t<div class=\"elementor-element elementor-element-51f2c8d elementor-widget__width-auto elementor-fixed elementor-widget elementor-widget-button\" data-id=\"51f2c8d\" data-element_type=\"widget\" data-e-type=\"widget\" data-settings=\"{&quot;_position&quot;:&quot;fixed&quot;}\" data-widget_type=\"button.default\">\n\t\t\t\t<div class=\"elementor-widget-container\">\n\t\t\t\t\t\t\t\t\t<div class=\"elementor-button-wrapper\">\n\t\t\t\t\t<a class=\"elementor-button elementor-button-link elementor-size-sm\" href=\"https:\/\/wa.link\/f06hng\">\n\t\t\t\t\t\t<span class=\"elementor-button-content-wrapper\">\n\t\t\t\t\t\t<span class=\"elementor-button-icon\">\n\t\t\t\t<svg aria-hidden=\"true\" class=\"e-font-icon-svg e-fab-whatsapp\" viewBox=\"0 0 448 512\" xmlns=\"http:\/\/www.w3.org\/2000\/svg\"><path d=\"M380.9 97.1C339 55.1 283.2 32 223.9 32c-122.4 0-222 99.6-222 222 0 39.1 10.2 77.3 29.6 111L0 480l117.7-30.9c32.4 17.7 68.9 27 106.1 27h.1c122.3 0 224.1-99.6 224.1-222 0-59.3-25.2-115-67.1-157zm-157 341.6c-33.2 0-65.7-8.9-94-25.7l-6.7-4-69.8 18.3L72 359.2l-4.4-7c-18.5-29.4-28.2-63.3-28.2-98.2 0-101.7 82.8-184.5 184.6-184.5 49.3 0 95.6 19.2 130.4 54.1 34.8 34.9 56.2 81.2 56.1 130.5 0 101.8-84.9 184.6-186.6 184.6zm101.2-138.2c-5.5-2.8-32.8-16.2-37.9-18-5.1-1.9-8.8-2.8-12.5 2.8-3.7 5.6-14.3 18-17.6 21.8-3.2 3.7-6.5 4.2-12 1.4-32.6-16.3-54-29.1-75.5-66-5.7-9.8 5.7-9.1 16.3-30.3 1.8-3.7.9-6.9-.5-9.7-1.4-2.8-12.5-30.1-17.1-41.2-4.5-10.8-9.1-9.3-12.5-9.5-3.2-.2-6.9-.2-10.6-.2-3.7 0-9.7 1.4-14.8 6.9-5.1 5.6-19.4 19-19.4 46.3 0 27.3 19.9 53.7 22.6 57.4 2.8 3.7 39.1 59.7 94.8 83.8 35.2 15.2 49 16.5 66.6 13.9 10.7-1.6 32.8-13.4 37.4-26.4 4.6-13 4.6-24.1 3.2-26.4-1.3-2.5-5-3.9-10.5-6.6z\"><\/path><\/svg>\t\t\t<\/span>\n\t\t\t\t\t\t\t\t<\/span>\n\t\t\t\t\t<\/a>\n\t\t\t\t<\/div>\n\t\t\t\t\t\t\t\t<\/div>\n\t\t\t\t<\/div>\n\t\t\t\t\t<\/div>\n\t\t\t\t<\/div>\n\t\t\t\t<\/div>\n\t\t","protected":false},"excerpt":{"rendered":"<p>Reuni\u00f5es sob medida Atualmente, muitas empresas e entidades p\u00fablicas preferem realizar eventos informativos para divulgar os seus produtos, servi\u00e7os ou iniciativas. Esta \u00e9 uma f\u00f3rmula muito interessante para atingir um p\u00fablico mais especializado e atingir objetivos espec\u00edficos. Na Invest in Latam podemos apoi\u00e1-lo na realiza\u00e7\u00e3o de reuni\u00f5es sob medida, sejam elas virtuais ou f\u00edsicas. A&#8230;<\/p>\n","protected":false},"author":7,"featured_media":0,"parent":0,"menu_order":0,"comment_status":"closed","ping_status":"closed","template":"","meta":{"_kad_post_transparent":"","_kad_post_title":"hide","_kad_post_layout":"fullwidth","_kad_post_sidebar_id":"","_kad_post_content_style":"unboxed","_kad_post_vertical_padding":"hide","_kad_post_feature":"hide","_kad_post_feature_position":"","_kad_post_header":false,"_kad_post_footer":false,"_kad_post_classname":"","footnotes":""},"class_list":["post-4185","page","type-page","status-publish","hentry"],"_links":{"self":[{"href":"https:\/\/investinlatam.org\/pt-br\/wp-json\/wp\/v2\/pages\/4185","targetHints":{"allow":["GET"]}}],"collection":[{"href":"https:\/\/investinlatam.org\/pt-br\/wp-json\/wp\/v2\/pages"}],"about":[{"href":"https:\/\/investinlatam.org\/pt-br\/wp-json\/wp\/v2\/types\/page"}],"author":[{"embeddable":true,"href":"https:\/\/investinlatam.org\/pt-br\/wp-json\/wp\/v2\/users\/7"}],"replies":[{"embeddable":true,"href":"https:\/\/investinlatam.org\/pt-br\/wp-json\/wp\/v2\/comments?post=4185"}],"version-history":[{"count":16,"href":"https:\/\/investinlatam.org\/pt-br\/wp-json\/wp\/v2\/pages\/4185\/revisions"}],"predecessor-version":[{"id":4234,"href":"https:\/\/investinlatam.org\/pt-br\/wp-json\/wp\/v2\/pages\/4185\/revisions\/4234"}],"wp:attachment":[{"href":"https:\/\/investinlatam.org\/pt-br\/wp-json\/wp\/v2\/media?parent=4185"}],"curies":[{"name":"wp","href":"https:\/\/api.w.org\/{rel}","templated":true}]}}