{"id":4241,"date":"2024-05-06T04:08:21","date_gmt":"2024-05-06T04:08:21","guid":{"rendered":"https:\/\/investinlatam.org\/?page_id=4241"},"modified":"2024-05-06T04:35:17","modified_gmt":"2024-05-06T04:35:17","slug":"apoio-a-investidores","status":"publish","type":"page","link":"https:\/\/investinlatam.org\/pt-br\/apoio-a-investidores\/","title":{"rendered":"APOIO A INVESTIDORES"},"content":{"rendered":"\t\t<div data-elementor-type=\"wp-page\" data-elementor-id=\"4241\" class=\"elementor elementor-4241 elementor-569\" data-elementor-post-type=\"page\">\n\t\t\t\t\t\t<section class=\"elementor-section elementor-top-section elementor-element elementor-element-6257c7b elementor-section-height-min-height elementor-section-boxed elementor-section-height-default elementor-section-items-middle\" data-id=\"6257c7b\" data-element_type=\"section\" data-e-type=\"section\" data-settings=\"{&quot;background_background&quot;:&quot;classic&quot;}\">\n\t\t\t\t\t\t\t<div class=\"elementor-background-overlay\"><\/div>\n\t\t\t\t\t\t\t<div class=\"elementor-container elementor-column-gap-default\">\n\t\t\t\t\t<div class=\"elementor-column elementor-col-100 elementor-top-column elementor-element elementor-element-bcf7e41\" data-id=\"bcf7e41\" data-element_type=\"column\" data-e-type=\"column\">\n\t\t\t<div class=\"elementor-widget-wrap elementor-element-populated\">\n\t\t\t\t\t\t<div class=\"elementor-element elementor-element-670f757 elementor-widget__width-initial elementor-widget elementor-widget-heading\" data-id=\"670f757\" data-element_type=\"widget\" data-e-type=\"widget\" data-widget_type=\"heading.default\">\n\t\t\t\t<div class=\"elementor-widget-container\">\n\t\t\t\t\t<p class=\"elementor-heading-title elementor-size-default\">Apoio a Investidores interessados \u200b\u200bna Am\u00e9rica Latina\n<\/p>\t\t\t\t<\/div>\n\t\t\t\t<\/div>\n\t\t\t\t<div class=\"elementor-element elementor-element-6dfba56 elementor-widget-divider--view-line elementor-widget elementor-widget-divider\" data-id=\"6dfba56\" data-element_type=\"widget\" data-e-type=\"widget\" data-widget_type=\"divider.default\">\n\t\t\t\t<div class=\"elementor-widget-container\">\n\t\t\t\t\t\t\t<div class=\"elementor-divider\">\n\t\t\t<span class=\"elementor-divider-separator\">\n\t\t\t\t\t\t<\/span>\n\t\t<\/div>\n\t\t\t\t\t\t<\/div>\n\t\t\t\t<\/div>\n\t\t\t\t\t<\/div>\n\t\t<\/div>\n\t\t\t\t\t<\/div>\n\t\t<\/section>\n\t\t\t\t<section class=\"elementor-section elementor-top-section elementor-element elementor-element-cf69a72 elementor-section-boxed elementor-section-height-default elementor-section-height-default\" data-id=\"cf69a72\" data-element_type=\"section\" data-e-type=\"section\">\n\t\t\t\t\t\t<div class=\"elementor-container elementor-column-gap-default\">\n\t\t\t\t\t<div class=\"elementor-column elementor-col-100 elementor-top-column elementor-element elementor-element-ac67bed\" data-id=\"ac67bed\" data-element_type=\"column\" data-e-type=\"column\">\n\t\t\t<div class=\"elementor-widget-wrap elementor-element-populated\">\n\t\t\t\t\t\t<div class=\"elementor-element elementor-element-03af10c elementor-widget elementor-widget-text-editor\" data-id=\"03af10c\" data-element_type=\"widget\" data-e-type=\"widget\" data-widget_type=\"text-editor.default\">\n\t\t\t\t<div class=\"elementor-widget-container\">\n\t\t\t\t\t\t\t\t\t<p>Os diferentes pa\u00edses latino-americanos realizam esfor\u00e7os permanentes para atrair investimento estrangeiro direto para os diferentes setores das suas economias. A Invest in Latam tem experi\u00eancia local e vis\u00e3o global para apoiar investidores estrangeiros em seus primeiros passos de neg\u00f3cios em nossa regi\u00e3o.<\/p>\t\t\t\t\t\t\t\t<\/div>\n\t\t\t\t<\/div>\n\t\t\t\t\t<\/div>\n\t\t<\/div>\n\t\t\t\t\t<\/div>\n\t\t<\/section>\n\t\t\t\t<section class=\"elementor-section elementor-top-section elementor-element elementor-element-122ff77 elementor-section-content-middle elementor-section-boxed elementor-section-height-default elementor-section-height-default\" data-id=\"122ff77\" data-element_type=\"section\" data-e-type=\"section\">\n\t\t\t\t\t\t<div class=\"elementor-container elementor-column-gap-default\">\n\t\t\t\t\t<div class=\"elementor-column elementor-col-50 elementor-top-column elementor-element elementor-element-19b8b81\" data-id=\"19b8b81\" data-element_type=\"column\" data-e-type=\"column\">\n\t\t\t<div class=\"elementor-widget-wrap elementor-element-populated\">\n\t\t\t\t\t\t<div class=\"elementor-element elementor-element-03e3d9f elementor-widget elementor-widget-image\" data-id=\"03e3d9f\" data-element_type=\"widget\" data-e-type=\"widget\" data-widget_type=\"image.default\">\n\t\t\t\t<div class=\"elementor-widget-container\">\n\t\t\t\t\t\t\t\t\t\t\t\t\t\t\t<img fetchpriority=\"high\" decoding=\"async\" width=\"688\" height=\"470\" src=\"https:\/\/investinlatam.org\/wp-content\/uploads\/2021\/08\/imagen_destacada.jpg\" class=\"attachment-full size-full wp-image-4244\" alt=\"\" srcset=\"https:\/\/investinlatam.org\/wp-content\/uploads\/2021\/08\/imagen_destacada.jpg 688w, https:\/\/investinlatam.org\/wp-content\/uploads\/2021\/08\/imagen_destacada-300x205.jpg 300w\" sizes=\"(max-width: 688px) 100vw, 688px\" \/>\t\t\t\t\t\t\t\t\t\t\t\t\t\t\t<\/div>\n\t\t\t\t<\/div>\n\t\t\t\t\t<\/div>\n\t\t<\/div>\n\t\t\t\t<div class=\"elementor-column elementor-col-50 elementor-top-column elementor-element elementor-element-e12d6dd\" data-id=\"e12d6dd\" data-element_type=\"column\" data-e-type=\"column\">\n\t\t\t<div class=\"elementor-widget-wrap elementor-element-populated\">\n\t\t\t\t\t\t<div class=\"elementor-element elementor-element-6f73b58 elementor-widget elementor-widget-text-editor\" data-id=\"6f73b58\" data-element_type=\"widget\" data-e-type=\"widget\" data-widget_type=\"text-editor.default\">\n\t\t\t\t<div class=\"elementor-widget-container\">\n\t\t\t\t\t\t\t\t\t<p>Trabalhamos em conjunto com governos nacionais atrav\u00e9s de suas diferentes ag\u00eancias de promo\u00e7\u00e3o como ProColombia, APEX-Brasil e ProChile entre outras, mas tamb\u00e9m com os principais atores privados.<\/p><p>Dispomos de servi\u00e7os espec\u00edficos para cada fase do ciclo de investimento, apoiamos e facilitamos a sua decis\u00e3o de investimento com todo o tipo de iniciativas de promo\u00e7\u00e3o, informa\u00e7\u00e3o e apoio. Fornecemos informa\u00e7\u00f5es sobre os diferentes pa\u00edses da Am\u00e9rica Latina, mas tamb\u00e9m sobre os setores de nosso interesse como energias renov\u00e1veis, mobilidade sustent\u00e1vel e sustentabilidade.<\/p><p>Publicamos periodicamente artigos sobre o clima de neg\u00f3cios na regi\u00e3o e oportunidades espec\u00edficas de investimento em projetos p\u00fablicos e privados e coordenamos reuni\u00f5es de neg\u00f3cios, confer\u00eancias e semin\u00e1rios.<\/p>\t\t\t\t\t\t\t\t<\/div>\n\t\t\t\t<\/div>\n\t\t\t\t\t<\/div>\n\t\t<\/div>\n\t\t\t\t\t<\/div>\n\t\t<\/section>\n\t\t\t\t<section class=\"elementor-section elementor-top-section elementor-element elementor-element-5346728 elementor-section-boxed elementor-section-height-default elementor-section-height-default\" data-id=\"5346728\" data-element_type=\"section\" data-e-type=\"section\" data-settings=\"{&quot;background_background&quot;:&quot;classic&quot;}\">\n\t\t\t\t\t\t<div class=\"elementor-container elementor-column-gap-default\">\n\t\t\t\t\t<div class=\"elementor-column elementor-col-100 elementor-top-column elementor-element elementor-element-cba9d8c\" data-id=\"cba9d8c\" data-element_type=\"column\" data-e-type=\"column\">\n\t\t\t<div class=\"elementor-widget-wrap elementor-element-populated\">\n\t\t\t\t\t\t<div class=\"elementor-element elementor-element-734721d elementor-widget elementor-widget-heading\" data-id=\"734721d\" data-element_type=\"widget\" data-e-type=\"widget\" data-widget_type=\"heading.default\">\n\t\t\t\t<div class=\"elementor-widget-container\">\n\t\t\t\t\t<span class=\"elementor-heading-title elementor-size-default\">Apoiamos o seu projeto em todas as fases<\/span>\t\t\t\t<\/div>\n\t\t\t\t<\/div>\n\t\t\t\t<div class=\"elementor-element elementor-element-b75aaa1 elementor-widget-divider--view-line elementor-widget elementor-widget-divider\" data-id=\"b75aaa1\" data-element_type=\"widget\" data-e-type=\"widget\" data-widget_type=\"divider.default\">\n\t\t\t\t<div class=\"elementor-widget-container\">\n\t\t\t\t\t\t\t<div class=\"elementor-divider\">\n\t\t\t<span class=\"elementor-divider-separator\">\n\t\t\t\t\t\t<\/span>\n\t\t<\/div>\n\t\t\t\t\t\t<\/div>\n\t\t\t\t<\/div>\n\t\t\t\t<div class=\"elementor-element elementor-element-ab22ced elementor-widget__width-initial elementor-widget-mobile__width-initial elementor-position-top elementor-widget elementor-widget-image-box\" data-id=\"ab22ced\" data-element_type=\"widget\" data-e-type=\"widget\" data-widget_type=\"image-box.default\">\n\t\t\t\t<div class=\"elementor-widget-container\">\n\t\t\t\t\t<div class=\"elementor-image-box-wrapper\"><figure class=\"elementor-image-box-img\"><img decoding=\"async\" width=\"157\" height=\"157\" src=\"https:\/\/investinlatam.org\/wp-content\/uploads\/2021\/08\/icono_01.png\" class=\"attachment-full size-full wp-image-873\" alt=\"\" srcset=\"https:\/\/investinlatam.org\/wp-content\/uploads\/2021\/08\/icono_01.png 157w, https:\/\/investinlatam.org\/wp-content\/uploads\/2021\/08\/icono_01-150x150.png 150w\" sizes=\"(max-width: 157px) 100vw, 157px\" \/><\/figure><div class=\"elementor-image-box-content\"><h3 class=\"elementor-image-box-title\">Prospec\u00e7\u00e3o de Mercado<\/h3><\/div><\/div>\t\t\t\t<\/div>\n\t\t\t\t<\/div>\n\t\t\t\t<div class=\"elementor-element elementor-element-48e92ea elementor-widget__width-initial elementor-widget-mobile__width-initial elementor-position-top elementor-widget elementor-widget-image-box\" data-id=\"48e92ea\" data-element_type=\"widget\" data-e-type=\"widget\" data-widget_type=\"image-box.default\">\n\t\t\t\t<div class=\"elementor-widget-container\">\n\t\t\t\t\t<div class=\"elementor-image-box-wrapper\"><figure class=\"elementor-image-box-img\"><img decoding=\"async\" width=\"157\" height=\"157\" src=\"https:\/\/investinlatam.org\/wp-content\/uploads\/2021\/08\/icono_02.png\" class=\"attachment-full size-full wp-image-874\" alt=\"\" srcset=\"https:\/\/investinlatam.org\/wp-content\/uploads\/2021\/08\/icono_02.png 157w, https:\/\/investinlatam.org\/wp-content\/uploads\/2021\/08\/icono_02-150x150.png 150w\" sizes=\"(max-width: 157px) 100vw, 157px\" \/><\/figure><div class=\"elementor-image-box-content\"><h3 class=\"elementor-image-box-title\">Entrada para o Mercado<\/h3><\/div><\/div>\t\t\t\t<\/div>\n\t\t\t\t<\/div>\n\t\t\t\t<div class=\"elementor-element elementor-element-7911773 elementor-widget__width-initial elementor-widget-mobile__width-initial elementor-position-top elementor-widget elementor-widget-image-box\" data-id=\"7911773\" data-element_type=\"widget\" data-e-type=\"widget\" data-widget_type=\"image-box.default\">\n\t\t\t\t<div class=\"elementor-widget-container\">\n\t\t\t\t\t<div class=\"elementor-image-box-wrapper\"><figure class=\"elementor-image-box-img\"><img loading=\"lazy\" decoding=\"async\" width=\"157\" height=\"157\" src=\"https:\/\/investinlatam.org\/wp-content\/uploads\/2021\/08\/icono_03.png\" class=\"attachment-full size-full wp-image-875\" alt=\"\" srcset=\"https:\/\/investinlatam.org\/wp-content\/uploads\/2021\/08\/icono_03.png 157w, https:\/\/investinlatam.org\/wp-content\/uploads\/2021\/08\/icono_03-150x150.png 150w\" sizes=\"(max-width: 157px) 100vw, 157px\" \/><\/figure><div class=\"elementor-image-box-content\"><h3 class=\"elementor-image-box-title\">Apoio aos Investidores<\/h3><\/div><\/div>\t\t\t\t<\/div>\n\t\t\t\t<\/div>\n\t\t\t\t<div class=\"elementor-element elementor-element-464752e elementor-widget__width-initial elementor-widget-mobile__width-initial elementor-position-top elementor-widget elementor-widget-image-box\" data-id=\"464752e\" data-element_type=\"widget\" data-e-type=\"widget\" data-widget_type=\"image-box.default\">\n\t\t\t\t<div class=\"elementor-widget-container\">\n\t\t\t\t\t<div class=\"elementor-image-box-wrapper\"><figure class=\"elementor-image-box-img\"><img loading=\"lazy\" decoding=\"async\" width=\"157\" height=\"157\" src=\"https:\/\/investinlatam.org\/wp-content\/uploads\/2021\/08\/icono_04.png\" class=\"attachment-full size-full wp-image-872\" alt=\"\" srcset=\"https:\/\/investinlatam.org\/wp-content\/uploads\/2021\/08\/icono_04.png 157w, https:\/\/investinlatam.org\/wp-content\/uploads\/2021\/08\/icono_04-150x150.png 150w\" sizes=\"(max-width: 157px) 100vw, 157px\" \/><\/figure><div class=\"elementor-image-box-content\"><h3 class=\"elementor-image-box-title\">Adquisici\u00f3n o Alianza con actor Local\u200b<\/h3><\/div><\/div>\t\t\t\t<\/div>\n\t\t\t\t<\/div>\n\t\t\t\t\t<\/div>\n\t\t<\/div>\n\t\t\t\t\t<\/div>\n\t\t<\/section>\n\t\t<div class=\"elementor-element elementor-element-d838c8e e-flex e-con-boxed e-con e-parent\" data-id=\"d838c8e\" data-element_type=\"container\" data-e-type=\"container\">\n\t\t\t\t\t<div class=\"e-con-inner\">\n\t\t\t\t<div class=\"elementor-element elementor-element-c4eb11d elementor-widget__width-auto elementor-fixed elementor-widget elementor-widget-button\" data-id=\"c4eb11d\" data-element_type=\"widget\" data-e-type=\"widget\" data-settings=\"{&quot;_position&quot;:&quot;fixed&quot;}\" data-widget_type=\"button.default\">\n\t\t\t\t<div class=\"elementor-widget-container\">\n\t\t\t\t\t\t\t\t\t<div class=\"elementor-button-wrapper\">\n\t\t\t\t\t<a class=\"elementor-button elementor-button-link elementor-size-sm\" href=\"https:\/\/wa.link\/f06hng\">\n\t\t\t\t\t\t<span class=\"elementor-button-content-wrapper\">\n\t\t\t\t\t\t<span class=\"elementor-button-icon\">\n\t\t\t\t<svg aria-hidden=\"true\" class=\"e-font-icon-svg e-fab-whatsapp\" viewBox=\"0 0 448 512\" xmlns=\"http:\/\/www.w3.org\/2000\/svg\"><path d=\"M380.9 97.1C339 55.1 283.2 32 223.9 32c-122.4 0-222 99.6-222 222 0 39.1 10.2 77.3 29.6 111L0 480l117.7-30.9c32.4 17.7 68.9 27 106.1 27h.1c122.3 0 224.1-99.6 224.1-222 0-59.3-25.2-115-67.1-157zm-157 341.6c-33.2 0-65.7-8.9-94-25.7l-6.7-4-69.8 18.3L72 359.2l-4.4-7c-18.5-29.4-28.2-63.3-28.2-98.2 0-101.7 82.8-184.5 184.6-184.5 49.3 0 95.6 19.2 130.4 54.1 34.8 34.9 56.2 81.2 56.1 130.5 0 101.8-84.9 184.6-186.6 184.6zm101.2-138.2c-5.5-2.8-32.8-16.2-37.9-18-5.1-1.9-8.8-2.8-12.5 2.8-3.7 5.6-14.3 18-17.6 21.8-3.2 3.7-6.5 4.2-12 1.4-32.6-16.3-54-29.1-75.5-66-5.7-9.8 5.7-9.1 16.3-30.3 1.8-3.7.9-6.9-.5-9.7-1.4-2.8-12.5-30.1-17.1-41.2-4.5-10.8-9.1-9.3-12.5-9.5-3.2-.2-6.9-.2-10.6-.2-3.7 0-9.7 1.4-14.8 6.9-5.1 5.6-19.4 19-19.4 46.3 0 27.3 19.9 53.7 22.6 57.4 2.8 3.7 39.1 59.7 94.8 83.8 35.2 15.2 49 16.5 66.6 13.9 10.7-1.6 32.8-13.4 37.4-26.4 4.6-13 4.6-24.1 3.2-26.4-1.3-2.5-5-3.9-10.5-6.6z\"><\/path><\/svg>\t\t\t<\/span>\n\t\t\t\t\t\t\t\t<\/span>\n\t\t\t\t\t<\/a>\n\t\t\t\t<\/div>\n\t\t\t\t\t\t\t\t<\/div>\n\t\t\t\t<\/div>\n\t\t\t\t\t<\/div>\n\t\t\t\t<\/div>\n\t\t\t\t<\/div>\n\t\t","protected":false},"excerpt":{"rendered":"<p>Apoio a Investidores interessados \u200b\u200bna Am\u00e9rica Latina Os diferentes pa\u00edses latino-americanos realizam esfor\u00e7os permanentes para atrair investimento estrangeiro direto para os diferentes setores das suas economias. A Invest in Latam tem experi\u00eancia local e vis\u00e3o global para apoiar investidores estrangeiros em seus primeiros passos de neg\u00f3cios em nossa regi\u00e3o. Trabalhamos em conjunto com governos nacionais&#8230;<\/p>\n","protected":false},"author":7,"featured_media":0,"parent":0,"menu_order":0,"comment_status":"closed","ping_status":"closed","template":"","meta":{"_kad_post_transparent":"","_kad_post_title":"hide","_kad_post_layout":"fullwidth","_kad_post_sidebar_id":"","_kad_post_content_style":"unboxed","_kad_post_vertical_padding":"hide","_kad_post_feature":"hide","_kad_post_feature_position":"","_kad_post_header":false,"_kad_post_footer":false,"_kad_post_classname":"","footnotes":""},"class_list":["post-4241","page","type-page","status-publish","hentry"],"_links":{"self":[{"href":"https:\/\/investinlatam.org\/pt-br\/wp-json\/wp\/v2\/pages\/4241","targetHints":{"allow":["GET"]}}],"collection":[{"href":"https:\/\/investinlatam.org\/pt-br\/wp-json\/wp\/v2\/pages"}],"about":[{"href":"https:\/\/investinlatam.org\/pt-br\/wp-json\/wp\/v2\/types\/page"}],"author":[{"embeddable":true,"href":"https:\/\/investinlatam.org\/pt-br\/wp-json\/wp\/v2\/users\/7"}],"replies":[{"embeddable":true,"href":"https:\/\/investinlatam.org\/pt-br\/wp-json\/wp\/v2\/comments?post=4241"}],"version-history":[{"count":10,"href":"https:\/\/investinlatam.org\/pt-br\/wp-json\/wp\/v2\/pages\/4241\/revisions"}],"predecessor-version":[{"id":4278,"href":"https:\/\/investinlatam.org\/pt-br\/wp-json\/wp\/v2\/pages\/4241\/revisions\/4278"}],"wp:attachment":[{"href":"https:\/\/investinlatam.org\/pt-br\/wp-json\/wp\/v2\/media?parent=4241"}],"curies":[{"name":"wp","href":"https:\/\/api.w.org\/{rel}","templated":true}]}}