{"id":4254,"date":"2024-05-06T04:20:02","date_gmt":"2024-05-06T04:20:02","guid":{"rendered":"https:\/\/investinlatam.org\/?page_id=4254"},"modified":"2024-05-06T04:35:57","modified_gmt":"2024-05-06T04:35:57","slug":"consultoria","status":"publish","type":"page","link":"https:\/\/investinlatam.org\/pt-br\/consultoria\/","title":{"rendered":"CONSULTORIA"},"content":{"rendered":"\t\t<div data-elementor-type=\"wp-page\" data-elementor-id=\"4254\" class=\"elementor elementor-4254 elementor-571\" data-elementor-post-type=\"page\">\n\t\t\t\t\t\t<section class=\"elementor-section elementor-top-section elementor-element elementor-element-f7c771a elementor-section-height-min-height elementor-section-boxed elementor-section-height-default elementor-section-items-middle\" data-id=\"f7c771a\" data-element_type=\"section\" data-e-type=\"section\" data-settings=\"{&quot;background_background&quot;:&quot;classic&quot;}\">\n\t\t\t\t\t\t\t<div class=\"elementor-background-overlay\"><\/div>\n\t\t\t\t\t\t\t<div class=\"elementor-container elementor-column-gap-default\">\n\t\t\t\t\t<div class=\"elementor-column elementor-col-100 elementor-top-column elementor-element elementor-element-d812127\" data-id=\"d812127\" data-element_type=\"column\" data-e-type=\"column\">\n\t\t\t<div class=\"elementor-widget-wrap elementor-element-populated\">\n\t\t\t\t\t\t<div class=\"elementor-element elementor-element-e1559b9 elementor-widget elementor-widget-heading\" data-id=\"e1559b9\" data-element_type=\"widget\" data-e-type=\"widget\" data-widget_type=\"heading.default\">\n\t\t\t\t<div class=\"elementor-widget-container\">\n\t\t\t\t\t<p class=\"elementor-heading-title elementor-size-default\">Consultoria<\/p>\t\t\t\t<\/div>\n\t\t\t\t<\/div>\n\t\t\t\t<div class=\"elementor-element elementor-element-dd5557c elementor-widget-divider--view-line elementor-widget elementor-widget-divider\" data-id=\"dd5557c\" data-element_type=\"widget\" data-e-type=\"widget\" data-widget_type=\"divider.default\">\n\t\t\t\t<div class=\"elementor-widget-container\">\n\t\t\t\t\t\t\t<div class=\"elementor-divider\">\n\t\t\t<span class=\"elementor-divider-separator\">\n\t\t\t\t\t\t<\/span>\n\t\t<\/div>\n\t\t\t\t\t\t<\/div>\n\t\t\t\t<\/div>\n\t\t\t\t\t<\/div>\n\t\t<\/div>\n\t\t\t\t\t<\/div>\n\t\t<\/section>\n\t\t\t\t<section class=\"elementor-section elementor-top-section elementor-element elementor-element-48caba3 elementor-section-content-middle elementor-section-boxed elementor-section-height-default elementor-section-height-default\" data-id=\"48caba3\" data-element_type=\"section\" data-e-type=\"section\">\n\t\t\t\t\t\t<div class=\"elementor-container elementor-column-gap-default\">\n\t\t\t\t\t<div class=\"elementor-column elementor-col-50 elementor-top-column elementor-element elementor-element-d40de9c\" data-id=\"d40de9c\" data-element_type=\"column\" data-e-type=\"column\">\n\t\t\t<div class=\"elementor-widget-wrap elementor-element-populated\">\n\t\t\t\t\t\t<div class=\"elementor-element elementor-element-21e57b8 elementor-widget elementor-widget-text-editor\" data-id=\"21e57b8\" data-element_type=\"widget\" data-e-type=\"widget\" data-widget_type=\"text-editor.default\">\n\t\t\t\t<div class=\"elementor-widget-container\">\n\t\t\t\t\t\t\t\t\t<p>A transi\u00e7\u00e3o para uma <b>economia de baixo carbono<\/b> implica que as empresas e os governos tenham de se adaptar a novos setores, como a mobilidade sustent\u00e1vel, a transi\u00e7\u00e3o energ\u00e9tica e a sustentabilidade.<\/p><p><span style=\"background-color: transparent; font-family: var(--global-body-font-family);\">Convidamos voc\u00ea a conhecer a <b>EvolvX<\/b>, bra\u00e7o de consultoria da rede Invest in Latam, especializada em an\u00e1lises e dados sobre transi\u00e7\u00e3o energ\u00e9tica, mobilidade sustent\u00e1vel e sustentabilidade. A <b>EvolvX<\/b> re\u00fane uma equipa de especialistas internacionais que inclui economistas, engenheiros e especialistas em transi\u00e7\u00e3o energ\u00e9tica, mobilidade sustent\u00e1vel e sustentabilidade.<\/span><\/p><p><span style=\"background-color: transparent; font-family: var(--global-body-font-family);\">A <b>EvolvX<\/b> re\u00fane uma equipa de especialistas internacionais que inclui economistas, engenheiros e especialistas em transi\u00e7\u00e3o energ\u00e9tica, mobilidade sustent\u00e1vel e sustentabilidade.<\/span><\/p>\t\t\t\t\t\t\t\t<\/div>\n\t\t\t\t<\/div>\n\t\t\t\t<section class=\"elementor-section elementor-inner-section elementor-element elementor-element-a1b2a5f elementor-section-boxed elementor-section-height-default elementor-section-height-default\" data-id=\"a1b2a5f\" data-element_type=\"section\" data-e-type=\"section\">\n\t\t\t\t\t\t<div class=\"elementor-container elementor-column-gap-default\">\n\t\t\t\t\t<div class=\"elementor-column elementor-col-50 elementor-inner-column elementor-element elementor-element-2e53fe0\" data-id=\"2e53fe0\" data-element_type=\"column\" data-e-type=\"column\">\n\t\t\t<div class=\"elementor-widget-wrap elementor-element-populated\">\n\t\t\t\t\t\t<div class=\"elementor-element elementor-element-744b63f elementor-position-left elementor-vertical-align-middle elementor-widget elementor-widget-image-box\" data-id=\"744b63f\" data-element_type=\"widget\" data-e-type=\"widget\" data-widget_type=\"image-box.default\">\n\t\t\t\t<div class=\"elementor-widget-container\">\n\t\t\t\t\t<div class=\"elementor-image-box-wrapper\"><figure class=\"elementor-image-box-img\"><img decoding=\"async\" width=\"155\" height=\"155\" src=\"https:\/\/investinlatam.org\/wp-content\/uploads\/2021\/09\/01-icono_analisis_mercado_02.png\" class=\"attachment-full size-full wp-image-1042\" alt=\"\" srcset=\"https:\/\/investinlatam.org\/wp-content\/uploads\/2021\/09\/01-icono_analisis_mercado_02.png 155w, https:\/\/investinlatam.org\/wp-content\/uploads\/2021\/09\/01-icono_analisis_mercado_02-150x150.png 150w\" sizes=\"(max-width: 155px) 100vw, 155px\" \/><\/figure><div class=\"elementor-image-box-content\"><p class=\"elementor-image-box-title\">Regula\u00e7\u00e3o e an\u00e1lise de mercado (Energia, Mobilidade, Sustentabilidade)<\/p><\/div><\/div>\t\t\t\t<\/div>\n\t\t\t\t<\/div>\n\t\t\t\t<div class=\"elementor-element elementor-element-3d595ec elementor-position-left elementor-vertical-align-middle elementor-widget elementor-widget-image-box\" data-id=\"3d595ec\" data-element_type=\"widget\" data-e-type=\"widget\" data-widget_type=\"image-box.default\">\n\t\t\t\t<div class=\"elementor-widget-container\">\n\t\t\t\t\t<div class=\"elementor-image-box-wrapper\"><figure class=\"elementor-image-box-img\"><img decoding=\"async\" width=\"155\" height=\"155\" src=\"https:\/\/investinlatam.org\/wp-content\/uploads\/2021\/09\/03-icono_estrategia_climatica_02.png\" class=\"attachment-full size-full wp-image-1044\" alt=\"\" srcset=\"https:\/\/investinlatam.org\/wp-content\/uploads\/2021\/09\/03-icono_estrategia_climatica_02.png 155w, https:\/\/investinlatam.org\/wp-content\/uploads\/2021\/09\/03-icono_estrategia_climatica_02-150x150.png 150w\" sizes=\"(max-width: 155px) 100vw, 155px\" \/><\/figure><div class=\"elementor-image-box-content\"><p class=\"elementor-image-box-title\">Estrat\u00e9gia clim\u00e1tica e avalia\u00e7\u00e3o de pol\u00edticas<\/p><\/div><\/div>\t\t\t\t<\/div>\n\t\t\t\t<\/div>\n\t\t\t\t<div class=\"elementor-element elementor-element-618b8c5 elementor-position-left elementor-vertical-align-middle elementor-widget elementor-widget-image-box\" data-id=\"618b8c5\" data-element_type=\"widget\" data-e-type=\"widget\" data-widget_type=\"image-box.default\">\n\t\t\t\t<div class=\"elementor-widget-container\">\n\t\t\t\t\t<div class=\"elementor-image-box-wrapper\"><figure class=\"elementor-image-box-img\"><img decoding=\"async\" width=\"155\" height=\"155\" src=\"https:\/\/investinlatam.org\/wp-content\/uploads\/2021\/09\/05-icono_estrategia_comercial_02.png\" class=\"attachment-full size-full wp-image-1040\" alt=\"\" srcset=\"https:\/\/investinlatam.org\/wp-content\/uploads\/2021\/09\/05-icono_estrategia_comercial_02.png 155w, https:\/\/investinlatam.org\/wp-content\/uploads\/2021\/09\/05-icono_estrategia_comercial_02-150x150.png 150w\" sizes=\"(max-width: 155px) 100vw, 155px\" \/><\/figure><div class=\"elementor-image-box-content\"><p class=\"elementor-image-box-title\">Estrat\u00e9gia Comercial<\/p><\/div><\/div>\t\t\t\t<\/div>\n\t\t\t\t<\/div>\n\t\t\t\t\t<\/div>\n\t\t<\/div>\n\t\t\t\t<div class=\"elementor-column elementor-col-50 elementor-inner-column elementor-element elementor-element-dc230d0\" data-id=\"dc230d0\" data-element_type=\"column\" data-e-type=\"column\">\n\t\t\t<div class=\"elementor-widget-wrap elementor-element-populated\">\n\t\t\t\t\t\t<div class=\"elementor-element elementor-element-c26ff6f elementor-position-left elementor-vertical-align-middle elementor-widget elementor-widget-image-box\" data-id=\"c26ff6f\" data-element_type=\"widget\" data-e-type=\"widget\" data-widget_type=\"image-box.default\">\n\t\t\t\t<div class=\"elementor-widget-container\">\n\t\t\t\t\t<div class=\"elementor-image-box-wrapper\"><figure class=\"elementor-image-box-img\"><img loading=\"lazy\" decoding=\"async\" width=\"155\" height=\"155\" src=\"https:\/\/investinlatam.org\/wp-content\/uploads\/2021\/09\/02-icono_consultoria_estrategica_02.png\" class=\"attachment-full size-full wp-image-1043\" alt=\"\" srcset=\"https:\/\/investinlatam.org\/wp-content\/uploads\/2021\/09\/02-icono_consultoria_estrategica_02.png 155w, https:\/\/investinlatam.org\/wp-content\/uploads\/2021\/09\/02-icono_consultoria_estrategica_02-150x150.png 150w\" sizes=\"(max-width: 155px) 100vw, 155px\" \/><\/figure><div class=\"elementor-image-box-content\"><p class=\"elementor-image-box-title\">Consultoria Estrat\u00e9gica (Energia, Mobilidade, Sustentabilidade)<\/p><\/div><\/div>\t\t\t\t<\/div>\n\t\t\t\t<\/div>\n\t\t\t\t<div class=\"elementor-element elementor-element-45ce28b elementor-position-left elementor-vertical-align-middle elementor-widget elementor-widget-image-box\" data-id=\"45ce28b\" data-element_type=\"widget\" data-e-type=\"widget\" data-widget_type=\"image-box.default\">\n\t\t\t\t<div class=\"elementor-widget-container\">\n\t\t\t\t\t<div class=\"elementor-image-box-wrapper\"><figure class=\"elementor-image-box-img\"><img loading=\"lazy\" decoding=\"async\" width=\"155\" height=\"155\" src=\"https:\/\/investinlatam.org\/wp-content\/uploads\/2021\/09\/04-icono_estrategia_ma_02.png\" class=\"attachment-full size-full wp-image-1039\" alt=\"\" srcset=\"https:\/\/investinlatam.org\/wp-content\/uploads\/2021\/09\/04-icono_estrategia_ma_02.png 155w, https:\/\/investinlatam.org\/wp-content\/uploads\/2021\/09\/04-icono_estrategia_ma_02-150x150.png 150w\" sizes=\"(max-width: 155px) 100vw, 155px\" \/><\/figure><div class=\"elementor-image-box-content\"><p class=\"elementor-image-box-title\">Estrat\u00e9gia de Fus\u00f5es e Aquisi\u00e7\u00f5es<\/p><\/div><\/div>\t\t\t\t<\/div>\n\t\t\t\t<\/div>\n\t\t\t\t<div class=\"elementor-element elementor-element-67460fc elementor-position-left elementor-vertical-align-middle elementor-widget elementor-widget-image-box\" data-id=\"67460fc\" data-element_type=\"widget\" data-e-type=\"widget\" data-widget_type=\"image-box.default\">\n\t\t\t\t<div class=\"elementor-widget-container\">\n\t\t\t\t\t<div class=\"elementor-image-box-wrapper\"><figure class=\"elementor-image-box-img\"><img loading=\"lazy\" decoding=\"async\" width=\"155\" height=\"155\" src=\"https:\/\/investinlatam.org\/wp-content\/uploads\/2021\/09\/06-icono_asesoramiento_legal_02.png\" class=\"attachment-full size-full wp-image-1041\" alt=\"\" srcset=\"https:\/\/investinlatam.org\/wp-content\/uploads\/2021\/09\/06-icono_asesoramiento_legal_02.png 155w, https:\/\/investinlatam.org\/wp-content\/uploads\/2021\/09\/06-icono_asesoramiento_legal_02-150x150.png 150w\" sizes=\"(max-width: 155px) 100vw, 155px\" \/><\/figure><div class=\"elementor-image-box-content\"><p class=\"elementor-image-box-title\">Aconselhamento jur\u00eddico<\/p><\/div><\/div>\t\t\t\t<\/div>\n\t\t\t\t<\/div>\n\t\t\t\t\t<\/div>\n\t\t<\/div>\n\t\t\t\t\t<\/div>\n\t\t<\/section>\n\t\t\t\t\t<\/div>\n\t\t<\/div>\n\t\t\t\t<div class=\"elementor-column elementor-col-50 elementor-top-column elementor-element elementor-element-36ac015\" data-id=\"36ac015\" data-element_type=\"column\" data-e-type=\"column\">\n\t\t\t<div class=\"elementor-widget-wrap elementor-element-populated\">\n\t\t\t\t\t\t<div class=\"elementor-element elementor-element-9f59bf1 elementor-widget elementor-widget-image\" data-id=\"9f59bf1\" data-element_type=\"widget\" data-e-type=\"widget\" data-widget_type=\"image.default\">\n\t\t\t\t<div class=\"elementor-widget-container\">\n\t\t\t\t\t\t\t\t\t\t\t\t\t\t\t<img loading=\"lazy\" decoding=\"async\" width=\"1080\" height=\"1080\" src=\"https:\/\/investinlatam.org\/wp-content\/uploads\/2023\/12\/movilidad-sostenible-y-sustentabilidad.-EvolvX-reune-a-un-equipo-de-expertos-internacionales-que-incluye-economistas-ingenieros-y-especialistas-en-transicion-energetica-movilidad-sostenible-y-su.png\" class=\"attachment-full size-full wp-image-3431\" alt=\"\" srcset=\"https:\/\/investinlatam.org\/wp-content\/uploads\/2023\/12\/movilidad-sostenible-y-sustentabilidad.-EvolvX-reune-a-un-equipo-de-expertos-internacionales-que-incluye-economistas-ingenieros-y-especialistas-en-transicion-energetica-movilidad-sostenible-y-su.png 1080w, https:\/\/investinlatam.org\/wp-content\/uploads\/2023\/12\/movilidad-sostenible-y-sustentabilidad.-EvolvX-reune-a-un-equipo-de-expertos-internacionales-que-incluye-economistas-ingenieros-y-especialistas-en-transicion-energetica-movilidad-sostenible-y-su-300x300.png 300w, https:\/\/investinlatam.org\/wp-content\/uploads\/2023\/12\/movilidad-sostenible-y-sustentabilidad.-EvolvX-reune-a-un-equipo-de-expertos-internacionales-que-incluye-economistas-ingenieros-y-especialistas-en-transicion-energetica-movilidad-sostenible-y-su-1024x1024.png 1024w, https:\/\/investinlatam.org\/wp-content\/uploads\/2023\/12\/movilidad-sostenible-y-sustentabilidad.-EvolvX-reune-a-un-equipo-de-expertos-internacionales-que-incluye-economistas-ingenieros-y-especialistas-en-transicion-energetica-movilidad-sostenible-y-su-150x150.png 150w, https:\/\/investinlatam.org\/wp-content\/uploads\/2023\/12\/movilidad-sostenible-y-sustentabilidad.-EvolvX-reune-a-un-equipo-de-expertos-internacionales-que-incluye-economistas-ingenieros-y-especialistas-en-transicion-energetica-movilidad-sostenible-y-su-768x768.png 768w\" sizes=\"(max-width: 1080px) 100vw, 1080px\" \/>\t\t\t\t\t\t\t\t\t\t\t\t\t\t\t<\/div>\n\t\t\t\t<\/div>\n\t\t\t\t\t<\/div>\n\t\t<\/div>\n\t\t\t\t\t<\/div>\n\t\t<\/section>\n\t\t<div class=\"elementor-element elementor-element-872c35f e-flex e-con-boxed e-con e-parent\" data-id=\"872c35f\" data-element_type=\"container\" data-e-type=\"container\">\n\t\t\t\t\t<div class=\"e-con-inner\">\n\t\t\t\t<div class=\"elementor-element elementor-element-ce10ecf elementor-widget__width-auto elementor-fixed elementor-widget elementor-widget-button\" data-id=\"ce10ecf\" data-element_type=\"widget\" data-e-type=\"widget\" data-settings=\"{&quot;_position&quot;:&quot;fixed&quot;}\" data-widget_type=\"button.default\">\n\t\t\t\t<div class=\"elementor-widget-container\">\n\t\t\t\t\t\t\t\t\t<div class=\"elementor-button-wrapper\">\n\t\t\t\t\t<a class=\"elementor-button elementor-button-link elementor-size-sm\" href=\"https:\/\/wa.link\/f06hng\">\n\t\t\t\t\t\t<span class=\"elementor-button-content-wrapper\">\n\t\t\t\t\t\t<span class=\"elementor-button-icon\">\n\t\t\t\t<svg aria-hidden=\"true\" class=\"e-font-icon-svg e-fab-whatsapp\" viewBox=\"0 0 448 512\" xmlns=\"http:\/\/www.w3.org\/2000\/svg\"><path d=\"M380.9 97.1C339 55.1 283.2 32 223.9 32c-122.4 0-222 99.6-222 222 0 39.1 10.2 77.3 29.6 111L0 480l117.7-30.9c32.4 17.7 68.9 27 106.1 27h.1c122.3 0 224.1-99.6 224.1-222 0-59.3-25.2-115-67.1-157zm-157 341.6c-33.2 0-65.7-8.9-94-25.7l-6.7-4-69.8 18.3L72 359.2l-4.4-7c-18.5-29.4-28.2-63.3-28.2-98.2 0-101.7 82.8-184.5 184.6-184.5 49.3 0 95.6 19.2 130.4 54.1 34.8 34.9 56.2 81.2 56.1 130.5 0 101.8-84.9 184.6-186.6 184.6zm101.2-138.2c-5.5-2.8-32.8-16.2-37.9-18-5.1-1.9-8.8-2.8-12.5 2.8-3.7 5.6-14.3 18-17.6 21.8-3.2 3.7-6.5 4.2-12 1.4-32.6-16.3-54-29.1-75.5-66-5.7-9.8 5.7-9.1 16.3-30.3 1.8-3.7.9-6.9-.5-9.7-1.4-2.8-12.5-30.1-17.1-41.2-4.5-10.8-9.1-9.3-12.5-9.5-3.2-.2-6.9-.2-10.6-.2-3.7 0-9.7 1.4-14.8 6.9-5.1 5.6-19.4 19-19.4 46.3 0 27.3 19.9 53.7 22.6 57.4 2.8 3.7 39.1 59.7 94.8 83.8 35.2 15.2 49 16.5 66.6 13.9 10.7-1.6 32.8-13.4 37.4-26.4 4.6-13 4.6-24.1 3.2-26.4-1.3-2.5-5-3.9-10.5-6.6z\"><\/path><\/svg>\t\t\t<\/span>\n\t\t\t\t\t\t\t\t<\/span>\n\t\t\t\t\t<\/a>\n\t\t\t\t<\/div>\n\t\t\t\t\t\t\t\t<\/div>\n\t\t\t\t<\/div>\n\t\t\t\t\t<\/div>\n\t\t\t\t<\/div>\n\t\t\t\t<\/div>\n\t\t","protected":false},"excerpt":{"rendered":"<p>Consultoria A transi\u00e7\u00e3o para uma economia de baixo carbono implica que as empresas e os governos tenham de se adaptar a novos setores, como a mobilidade sustent\u00e1vel, a transi\u00e7\u00e3o energ\u00e9tica e a sustentabilidade. Convidamos voc\u00ea a conhecer a EvolvX, bra\u00e7o de consultoria da rede Invest in Latam, especializada em an\u00e1lises e dados sobre transi\u00e7\u00e3o energ\u00e9tica,&#8230;<\/p>\n","protected":false},"author":7,"featured_media":0,"parent":0,"menu_order":0,"comment_status":"closed","ping_status":"closed","template":"","meta":{"_kad_post_transparent":"","_kad_post_title":"hide","_kad_post_layout":"fullwidth","_kad_post_sidebar_id":"","_kad_post_content_style":"unboxed","_kad_post_vertical_padding":"hide","_kad_post_feature":"hide","_kad_post_feature_position":"","_kad_post_header":false,"_kad_post_footer":false,"_kad_post_classname":"","footnotes":""},"class_list":["post-4254","page","type-page","status-publish","hentry"],"_links":{"self":[{"href":"https:\/\/investinlatam.org\/pt-br\/wp-json\/wp\/v2\/pages\/4254","targetHints":{"allow":["GET"]}}],"collection":[{"href":"https:\/\/investinlatam.org\/pt-br\/wp-json\/wp\/v2\/pages"}],"about":[{"href":"https:\/\/investinlatam.org\/pt-br\/wp-json\/wp\/v2\/types\/page"}],"author":[{"embeddable":true,"href":"https:\/\/investinlatam.org\/pt-br\/wp-json\/wp\/v2\/users\/7"}],"replies":[{"embeddable":true,"href":"https:\/\/investinlatam.org\/pt-br\/wp-json\/wp\/v2\/comments?post=4254"}],"version-history":[{"count":10,"href":"https:\/\/investinlatam.org\/pt-br\/wp-json\/wp\/v2\/pages\/4254\/revisions"}],"predecessor-version":[{"id":4281,"href":"https:\/\/investinlatam.org\/pt-br\/wp-json\/wp\/v2\/pages\/4254\/revisions\/4281"}],"wp:attachment":[{"href":"https:\/\/investinlatam.org\/pt-br\/wp-json\/wp\/v2\/media?parent=4254"}],"curies":[{"name":"wp","href":"https:\/\/api.w.org\/{rel}","templated":true}]}}