{"id":4282,"date":"2024-05-06T04:37:44","date_gmt":"2024-05-06T04:37:44","guid":{"rendered":"https:\/\/investinlatam.org\/?page_id=4282"},"modified":"2024-05-06T04:41:18","modified_gmt":"2024-05-06T04:41:18","slug":"recursos-humanos","status":"publish","type":"page","link":"https:\/\/investinlatam.org\/pt-br\/recursos-humanos\/","title":{"rendered":"RECURSOS HUMANOS"},"content":{"rendered":"\t\t<div data-elementor-type=\"wp-page\" data-elementor-id=\"4282\" class=\"elementor elementor-4282 elementor-907\" data-elementor-post-type=\"page\">\n\t\t\t\t\t\t<section class=\"elementor-section elementor-top-section elementor-element elementor-element-020f0d8 elementor-section-height-min-height elementor-section-boxed elementor-section-height-default elementor-section-items-middle\" data-id=\"020f0d8\" data-element_type=\"section\" data-e-type=\"section\" data-settings=\"{&quot;background_background&quot;:&quot;classic&quot;}\">\n\t\t\t\t\t\t\t<div class=\"elementor-background-overlay\"><\/div>\n\t\t\t\t\t\t\t<div class=\"elementor-container elementor-column-gap-default\">\n\t\t\t\t\t<div class=\"elementor-column elementor-col-100 elementor-top-column elementor-element elementor-element-fc6471f\" data-id=\"fc6471f\" data-element_type=\"column\" data-e-type=\"column\">\n\t\t\t<div class=\"elementor-widget-wrap elementor-element-populated\">\n\t\t\t\t\t\t<div class=\"elementor-element elementor-element-dd78204 elementor-widget elementor-widget-heading\" data-id=\"dd78204\" data-element_type=\"widget\" data-e-type=\"widget\" data-widget_type=\"heading.default\">\n\t\t\t\t<div class=\"elementor-widget-container\">\n\t\t\t\t\t<p class=\"elementor-heading-title elementor-size-default\">CleanTech Jobs\n\n<\/p>\t\t\t\t<\/div>\n\t\t\t\t<\/div>\n\t\t\t\t<div class=\"elementor-element elementor-element-ca3aadd elementor-widget-divider--view-line elementor-widget elementor-widget-divider\" data-id=\"ca3aadd\" data-element_type=\"widget\" data-e-type=\"widget\" data-widget_type=\"divider.default\">\n\t\t\t\t<div class=\"elementor-widget-container\">\n\t\t\t\t\t\t\t<div class=\"elementor-divider\">\n\t\t\t<span class=\"elementor-divider-separator\">\n\t\t\t\t\t\t<\/span>\n\t\t<\/div>\n\t\t\t\t\t\t<\/div>\n\t\t\t\t<\/div>\n\t\t\t\t\t<\/div>\n\t\t<\/div>\n\t\t\t\t\t<\/div>\n\t\t<\/section>\n\t\t\t\t<section class=\"elementor-section elementor-top-section elementor-element elementor-element-85ba960 elementor-section-content-middle elementor-reverse-mobile elementor-section-boxed elementor-section-height-default elementor-section-height-default\" data-id=\"85ba960\" data-element_type=\"section\" data-e-type=\"section\">\n\t\t\t\t\t\t<div class=\"elementor-container elementor-column-gap-wider\">\n\t\t\t\t\t<div class=\"elementor-column elementor-col-50 elementor-top-column elementor-element elementor-element-46cab31\" data-id=\"46cab31\" data-element_type=\"column\" data-e-type=\"column\">\n\t\t\t<div class=\"elementor-widget-wrap elementor-element-populated\">\n\t\t\t\t\t\t<div class=\"elementor-element elementor-element-b082c59 elementor-widget elementor-widget-text-editor\" data-id=\"b082c59\" data-element_type=\"widget\" data-e-type=\"widget\" data-widget_type=\"text-editor.default\">\n\t\t\t\t<div class=\"elementor-widget-container\">\n\t\t\t\t\t\t\t\t\t<p>A Invest in Latam lan\u00e7ou em 2020 uma nova iniciativa para apoiar empresas dos setores de energia renov\u00e1vel, mobilidade sustent\u00e1vel e sustentabilidade na busca pelos melhores talentos, nasceu CleanTech Jobs.<\/p>\t\t\t\t\t\t\t\t<\/div>\n\t\t\t\t<\/div>\n\t\t\t\t\t<\/div>\n\t\t<\/div>\n\t\t\t\t<div class=\"elementor-column elementor-col-50 elementor-top-column elementor-element elementor-element-af19416\" data-id=\"af19416\" data-element_type=\"column\" data-e-type=\"column\">\n\t\t\t<div class=\"elementor-widget-wrap elementor-element-populated\">\n\t\t\t\t\t\t<div class=\"elementor-element elementor-element-c2a92b7 elementor-widget elementor-widget-image\" data-id=\"c2a92b7\" data-element_type=\"widget\" data-e-type=\"widget\" data-widget_type=\"image.default\">\n\t\t\t\t<div class=\"elementor-widget-container\">\n\t\t\t\t\t\t\t\t\t\t\t\t\t\t\t<img fetchpriority=\"high\" decoding=\"async\" width=\"1080\" height=\"682\" src=\"https:\/\/investinlatam.org\/wp-content\/uploads\/2021\/09\/p4745-75156ae9-b3fc-4933-b6bf-5cb4373d4575.jpg\" class=\"attachment-full size-full wp-image-1003\" alt=\"\" srcset=\"https:\/\/investinlatam.org\/wp-content\/uploads\/2021\/09\/p4745-75156ae9-b3fc-4933-b6bf-5cb4373d4575.jpg 1080w, https:\/\/investinlatam.org\/wp-content\/uploads\/2021\/09\/p4745-75156ae9-b3fc-4933-b6bf-5cb4373d4575-300x189.jpg 300w, https:\/\/investinlatam.org\/wp-content\/uploads\/2021\/09\/p4745-75156ae9-b3fc-4933-b6bf-5cb4373d4575-1024x647.jpg 1024w, https:\/\/investinlatam.org\/wp-content\/uploads\/2021\/09\/p4745-75156ae9-b3fc-4933-b6bf-5cb4373d4575-768x485.jpg 768w\" sizes=\"(max-width: 1080px) 100vw, 1080px\" \/>\t\t\t\t\t\t\t\t\t\t\t\t\t\t\t<\/div>\n\t\t\t\t<\/div>\n\t\t\t\t\t<\/div>\n\t\t<\/div>\n\t\t\t\t\t<\/div>\n\t\t<\/section>\n\t\t\t\t<section class=\"elementor-section elementor-top-section elementor-element elementor-element-944cdf5 elementor-section-content-middle elementor-section-boxed elementor-section-height-default elementor-section-height-default\" data-id=\"944cdf5\" data-element_type=\"section\" data-e-type=\"section\">\n\t\t\t\t\t\t<div class=\"elementor-container elementor-column-gap-default\">\n\t\t\t\t\t<div class=\"elementor-column elementor-col-50 elementor-top-column elementor-element elementor-element-4066f6b\" data-id=\"4066f6b\" data-element_type=\"column\" data-e-type=\"column\">\n\t\t\t<div class=\"elementor-widget-wrap elementor-element-populated\">\n\t\t\t\t\t\t<div class=\"elementor-element elementor-element-707c854 elementor-widget elementor-widget-image\" data-id=\"707c854\" data-element_type=\"widget\" data-e-type=\"widget\" data-widget_type=\"image.default\">\n\t\t\t\t<div class=\"elementor-widget-container\">\n\t\t\t\t\t\t\t\t\t\t\t\t\t\t\t<img decoding=\"async\" width=\"688\" height=\"473\" src=\"https:\/\/investinlatam.org\/wp-content\/uploads\/2021\/08\/imagen_ppl.jpg\" class=\"attachment-full size-full wp-image-910\" alt=\"\" srcset=\"https:\/\/investinlatam.org\/wp-content\/uploads\/2021\/08\/imagen_ppl.jpg 688w, https:\/\/investinlatam.org\/wp-content\/uploads\/2021\/08\/imagen_ppl-300x206.jpg 300w\" sizes=\"(max-width: 688px) 100vw, 688px\" \/>\t\t\t\t\t\t\t\t\t\t\t\t\t\t\t<\/div>\n\t\t\t\t<\/div>\n\t\t\t\t<div class=\"elementor-element elementor-element-58f42b3 elementor-widget elementor-widget-button\" data-id=\"58f42b3\" data-element_type=\"widget\" data-e-type=\"widget\" data-widget_type=\"button.default\">\n\t\t\t\t<div class=\"elementor-widget-container\">\n\t\t\t\t\t\t\t\t\t<div class=\"elementor-button-wrapper\">\n\t\t\t\t\t<a class=\"elementor-button elementor-button-link elementor-size-sm\" href=\"https:\/\/www.linkedin.com\/showcase\/cleantech-jobs\">\n\t\t\t\t\t\t<span class=\"elementor-button-content-wrapper\">\n\t\t\t\t\t\t\t\t\t<span class=\"elementor-button-text\">Siga-nos no LinkedIn<\/span>\n\t\t\t\t\t<\/span>\n\t\t\t\t\t<\/a>\n\t\t\t\t<\/div>\n\t\t\t\t\t\t\t\t<\/div>\n\t\t\t\t<\/div>\n\t\t\t\t\t<\/div>\n\t\t<\/div>\n\t\t\t\t<div class=\"elementor-column elementor-col-50 elementor-top-column elementor-element elementor-element-092fa87\" data-id=\"092fa87\" data-element_type=\"column\" data-e-type=\"column\">\n\t\t\t<div class=\"elementor-widget-wrap elementor-element-populated\">\n\t\t\t\t\t\t<div class=\"elementor-element elementor-element-88a205e elementor-widget elementor-widget-text-editor\" data-id=\"88a205e\" data-element_type=\"widget\" data-e-type=\"widget\" data-widget_type=\"text-editor.default\">\n\t\t\t\t<div class=\"elementor-widget-container\">\n\t\t\t\t\t\t\t\t\t<p>A COVID-19 revolucionou as rela\u00e7\u00f5es executivo-empresa Com a democratiza\u00e7\u00e3o do trabalho remoto, as empresas devem ser mais flex\u00edveis para atrair os melhores talentos, mas ao mesmo tempo \u00e9 cada vez mais dif\u00edcil verificar a efici\u00eancia do trabalho.<\/p><p><span style=\"background-color: transparent; font-family: var(--global-body-font-family);\">Por isso, CleanTech Jobs se torna o aliado perfeito, atrav\u00e9s de todas as iniciativas da Invest in Latam, contamos com uma rede de mais de 60.000 executivos seniores em busca perp\u00e9tua de novos desafios e mais de 15.000 empresas em busca dos melhores talentos.<\/span><\/p>\t\t\t\t\t\t\t\t<\/div>\n\t\t\t\t<\/div>\n\t\t\t\t\t<\/div>\n\t\t<\/div>\n\t\t\t\t\t<\/div>\n\t\t<\/section>\n\t\t\t\t<section class=\"elementor-section elementor-top-section elementor-element elementor-element-2af5a33 elementor-section-boxed elementor-section-height-default elementor-section-height-default\" data-id=\"2af5a33\" data-element_type=\"section\" data-e-type=\"section\" data-settings=\"{&quot;background_background&quot;:&quot;classic&quot;}\">\n\t\t\t\t\t\t<div class=\"elementor-container elementor-column-gap-default\">\n\t\t\t\t\t<div class=\"elementor-column elementor-col-100 elementor-top-column elementor-element elementor-element-c1036fa\" data-id=\"c1036fa\" data-element_type=\"column\" data-e-type=\"column\">\n\t\t\t<div class=\"elementor-widget-wrap elementor-element-populated\">\n\t\t\t\t\t\t<div class=\"elementor-element elementor-element-058439d elementor-widget elementor-widget-heading\" data-id=\"058439d\" data-element_type=\"widget\" data-e-type=\"widget\" data-widget_type=\"heading.default\">\n\t\t\t\t<div class=\"elementor-widget-container\">\n\t\t\t\t\t<span class=\"elementor-heading-title elementor-size-default\">Conectamos os melhores executivos \u00e0s melhores empresas, oferecendo os seguintes servi\u00e7os:<\/span>\t\t\t\t<\/div>\n\t\t\t\t<\/div>\n\t\t\t\t<div class=\"elementor-element elementor-element-71861f6 elementor-widget-divider--view-line elementor-widget elementor-widget-divider\" data-id=\"71861f6\" data-element_type=\"widget\" data-e-type=\"widget\" data-widget_type=\"divider.default\">\n\t\t\t\t<div class=\"elementor-widget-container\">\n\t\t\t\t\t\t\t<div class=\"elementor-divider\">\n\t\t\t<span class=\"elementor-divider-separator\">\n\t\t\t\t\t\t<\/span>\n\t\t<\/div>\n\t\t\t\t\t\t<\/div>\n\t\t\t\t<\/div>\n\t\t\t\t<div class=\"elementor-element elementor-element-4b945e7 elementor-widget__width-initial elementor-widget-mobile__width-initial elementor-widget-tablet__width-initial elementor-position-top elementor-widget elementor-widget-image-box\" data-id=\"4b945e7\" data-element_type=\"widget\" data-e-type=\"widget\" data-widget_type=\"image-box.default\">\n\t\t\t\t<div class=\"elementor-widget-container\">\n\t\t\t\t\t<div class=\"elementor-image-box-wrapper\"><figure class=\"elementor-image-box-img\"><img decoding=\"async\" width=\"155\" height=\"155\" src=\"https:\/\/investinlatam.org\/wp-content\/uploads\/2021\/08\/icono_01-2.png\" class=\"attachment-full size-full wp-image-913\" alt=\"\" srcset=\"https:\/\/investinlatam.org\/wp-content\/uploads\/2021\/08\/icono_01-2.png 155w, https:\/\/investinlatam.org\/wp-content\/uploads\/2021\/08\/icono_01-2-150x150.png 150w\" sizes=\"(max-width: 155px) 100vw, 155px\" \/><\/figure><div class=\"elementor-image-box-content\"><h3 class=\"elementor-image-box-title\">Procure por executivos seniores<\/h3><\/div><\/div>\t\t\t\t<\/div>\n\t\t\t\t<\/div>\n\t\t\t\t<div class=\"elementor-element elementor-element-c3c73df elementor-widget__width-initial elementor-widget-mobile__width-initial elementor-widget-tablet__width-initial elementor-position-top elementor-widget elementor-widget-image-box\" data-id=\"c3c73df\" data-element_type=\"widget\" data-e-type=\"widget\" data-widget_type=\"image-box.default\">\n\t\t\t\t<div class=\"elementor-widget-container\">\n\t\t\t\t\t<div class=\"elementor-image-box-wrapper\"><figure class=\"elementor-image-box-img\"><img loading=\"lazy\" decoding=\"async\" width=\"155\" height=\"155\" src=\"https:\/\/investinlatam.org\/wp-content\/uploads\/2021\/08\/icono_02-2.png\" class=\"attachment-full size-full wp-image-914\" alt=\"\" srcset=\"https:\/\/investinlatam.org\/wp-content\/uploads\/2021\/08\/icono_02-2.png 155w, https:\/\/investinlatam.org\/wp-content\/uploads\/2021\/08\/icono_02-2-150x150.png 150w\" sizes=\"(max-width: 155px) 100vw, 155px\" \/><\/figure><div class=\"elementor-image-box-content\"><h3 class=\"elementor-image-box-title\">Procure Pessoal T\u00e9cnico<\/h3><\/div><\/div>\t\t\t\t<\/div>\n\t\t\t\t<\/div>\n\t\t\t\t<div class=\"elementor-element elementor-element-b5e6467 elementor-widget__width-initial elementor-widget-mobile__width-initial elementor-widget-tablet__width-initial elementor-position-top elementor-widget elementor-widget-image-box\" data-id=\"b5e6467\" data-element_type=\"widget\" data-e-type=\"widget\" data-widget_type=\"image-box.default\">\n\t\t\t\t<div class=\"elementor-widget-container\">\n\t\t\t\t\t<div class=\"elementor-image-box-wrapper\"><figure class=\"elementor-image-box-img\"><img loading=\"lazy\" decoding=\"async\" width=\"155\" height=\"155\" src=\"https:\/\/investinlatam.org\/wp-content\/uploads\/2021\/08\/icono_03-2.png\" class=\"attachment-full size-full wp-image-915\" alt=\"\" srcset=\"https:\/\/investinlatam.org\/wp-content\/uploads\/2021\/08\/icono_03-2.png 155w, https:\/\/investinlatam.org\/wp-content\/uploads\/2021\/08\/icono_03-2-150x150.png 150w\" sizes=\"(max-width: 155px) 100vw, 155px\" \/><\/figure><div class=\"elementor-image-box-content\"><h3 class=\"elementor-image-box-title\">Estrat\u00e9gia de Recursos Humanos<\/h3><\/div><\/div>\t\t\t\t<\/div>\n\t\t\t\t<\/div>\n\t\t\t\t<div class=\"elementor-element elementor-element-e1c2a52 elementor-widget__width-initial elementor-widget-mobile__width-initial elementor-widget-tablet__width-initial elementor-position-top elementor-widget elementor-widget-image-box\" data-id=\"e1c2a52\" data-element_type=\"widget\" data-e-type=\"widget\" data-widget_type=\"image-box.default\">\n\t\t\t\t<div class=\"elementor-widget-container\">\n\t\t\t\t\t<div class=\"elementor-image-box-wrapper\"><figure class=\"elementor-image-box-img\"><img loading=\"lazy\" decoding=\"async\" width=\"155\" height=\"155\" src=\"https:\/\/investinlatam.org\/wp-content\/uploads\/2021\/08\/icono_04-2.png\" class=\"attachment-full size-full wp-image-916\" alt=\"\" srcset=\"https:\/\/investinlatam.org\/wp-content\/uploads\/2021\/08\/icono_04-2.png 155w, https:\/\/investinlatam.org\/wp-content\/uploads\/2021\/08\/icono_04-2-150x150.png 150w\" sizes=\"(max-width: 155px) 100vw, 155px\" \/><\/figure><div class=\"elementor-image-box-content\"><h3 class=\"elementor-image-box-title\">Programa de Treinamento Executivo<\/h3><\/div><\/div>\t\t\t\t<\/div>\n\t\t\t\t<\/div>\n\t\t\t\t<div class=\"elementor-element elementor-element-548f860 elementor-widget__width-initial elementor-widget-mobile__width-initial elementor-widget-tablet__width-initial elementor-position-top elementor-widget elementor-widget-image-box\" data-id=\"548f860\" data-element_type=\"widget\" data-e-type=\"widget\" data-widget_type=\"image-box.default\">\n\t\t\t\t<div class=\"elementor-widget-container\">\n\t\t\t\t\t<div class=\"elementor-image-box-wrapper\"><figure class=\"elementor-image-box-img\"><a href=\"https:\/\/investinlatam.org\/apoyo-a-inversionistas\/\" tabindex=\"-1\"><img loading=\"lazy\" decoding=\"async\" width=\"155\" height=\"155\" src=\"https:\/\/investinlatam.org\/wp-content\/uploads\/2021\/08\/icono_05-1.png\" class=\"attachment-full size-full wp-image-917\" alt=\"\" srcset=\"https:\/\/investinlatam.org\/wp-content\/uploads\/2021\/08\/icono_05-1.png 155w, https:\/\/investinlatam.org\/wp-content\/uploads\/2021\/08\/icono_05-1-150x150.png 150w\" sizes=\"(max-width: 155px) 100vw, 155px\" \/><\/a><\/figure><div class=\"elementor-image-box-content\"><h3 class=\"elementor-image-box-title\"><a href=\"https:\/\/investinlatam.org\/apoyo-a-inversionistas\/\">Servi\u00e7os de empreiteiro<\/a><\/h3><\/div><\/div>\t\t\t\t<\/div>\n\t\t\t\t<\/div>\n\t\t\t\t<div class=\"elementor-element elementor-element-c88884f elementor-widget__width-initial elementor-widget-mobile__width-initial elementor-widget-tablet__width-initial elementor-position-top elementor-widget elementor-widget-image-box\" data-id=\"c88884f\" data-element_type=\"widget\" data-e-type=\"widget\" data-widget_type=\"image-box.default\">\n\t\t\t\t<div class=\"elementor-widget-container\">\n\t\t\t\t\t<div class=\"elementor-image-box-wrapper\"><figure class=\"elementor-image-box-img\"><a href=\"https:\/\/investinlatam.org\/consultoria\/\" tabindex=\"-1\"><img loading=\"lazy\" decoding=\"async\" width=\"155\" height=\"155\" src=\"https:\/\/investinlatam.org\/wp-content\/uploads\/2021\/08\/icono_06-1.png\" class=\"attachment-full size-full wp-image-912\" alt=\"\" srcset=\"https:\/\/investinlatam.org\/wp-content\/uploads\/2021\/08\/icono_06-1.png 155w, https:\/\/investinlatam.org\/wp-content\/uploads\/2021\/08\/icono_06-1-150x150.png 150w\" sizes=\"(max-width: 155px) 100vw, 155px\" \/><\/a><\/figure><div class=\"elementor-image-box-content\"><h3 class=\"elementor-image-box-title\"><a href=\"https:\/\/investinlatam.org\/consultoria\/\">Coaching para quem procura emprego<\/a><\/h3><\/div><\/div>\t\t\t\t<\/div>\n\t\t\t\t<\/div>\n\t\t\t\t\t<\/div>\n\t\t<\/div>\n\t\t\t\t\t<\/div>\n\t\t<\/section>\n\t\t<div class=\"elementor-element elementor-element-8c3d7be e-flex e-con-boxed e-con e-parent\" data-id=\"8c3d7be\" data-element_type=\"container\" data-e-type=\"container\">\n\t\t\t\t\t<div class=\"e-con-inner\">\n\t\t\t\t<div class=\"elementor-element elementor-element-6130c8e elementor-widget__width-auto elementor-fixed elementor-widget elementor-widget-button\" data-id=\"6130c8e\" data-element_type=\"widget\" data-e-type=\"widget\" data-settings=\"{&quot;_position&quot;:&quot;fixed&quot;}\" data-widget_type=\"button.default\">\n\t\t\t\t<div class=\"elementor-widget-container\">\n\t\t\t\t\t\t\t\t\t<div class=\"elementor-button-wrapper\">\n\t\t\t\t\t<a class=\"elementor-button elementor-button-link elementor-size-sm\" href=\"https:\/\/wa.link\/f06hng\">\n\t\t\t\t\t\t<span class=\"elementor-button-content-wrapper\">\n\t\t\t\t\t\t<span class=\"elementor-button-icon\">\n\t\t\t\t<svg aria-hidden=\"true\" class=\"e-font-icon-svg e-fab-whatsapp\" viewBox=\"0 0 448 512\" xmlns=\"http:\/\/www.w3.org\/2000\/svg\"><path d=\"M380.9 97.1C339 55.1 283.2 32 223.9 32c-122.4 0-222 99.6-222 222 0 39.1 10.2 77.3 29.6 111L0 480l117.7-30.9c32.4 17.7 68.9 27 106.1 27h.1c122.3 0 224.1-99.6 224.1-222 0-59.3-25.2-115-67.1-157zm-157 341.6c-33.2 0-65.7-8.9-94-25.7l-6.7-4-69.8 18.3L72 359.2l-4.4-7c-18.5-29.4-28.2-63.3-28.2-98.2 0-101.7 82.8-184.5 184.6-184.5 49.3 0 95.6 19.2 130.4 54.1 34.8 34.9 56.2 81.2 56.1 130.5 0 101.8-84.9 184.6-186.6 184.6zm101.2-138.2c-5.5-2.8-32.8-16.2-37.9-18-5.1-1.9-8.8-2.8-12.5 2.8-3.7 5.6-14.3 18-17.6 21.8-3.2 3.7-6.5 4.2-12 1.4-32.6-16.3-54-29.1-75.5-66-5.7-9.8 5.7-9.1 16.3-30.3 1.8-3.7.9-6.9-.5-9.7-1.4-2.8-12.5-30.1-17.1-41.2-4.5-10.8-9.1-9.3-12.5-9.5-3.2-.2-6.9-.2-10.6-.2-3.7 0-9.7 1.4-14.8 6.9-5.1 5.6-19.4 19-19.4 46.3 0 27.3 19.9 53.7 22.6 57.4 2.8 3.7 39.1 59.7 94.8 83.8 35.2 15.2 49 16.5 66.6 13.9 10.7-1.6 32.8-13.4 37.4-26.4 4.6-13 4.6-24.1 3.2-26.4-1.3-2.5-5-3.9-10.5-6.6z\"><\/path><\/svg>\t\t\t<\/span>\n\t\t\t\t\t\t\t\t<\/span>\n\t\t\t\t\t<\/a>\n\t\t\t\t<\/div>\n\t\t\t\t\t\t\t\t<\/div>\n\t\t\t\t<\/div>\n\t\t\t\t\t<\/div>\n\t\t\t\t<\/div>\n\t\t\t\t<\/div>\n\t\t","protected":false},"excerpt":{"rendered":"<p>CleanTech Jobs A Invest in Latam lan\u00e7ou em 2020 uma nova iniciativa para apoiar empresas dos setores de energia renov\u00e1vel, mobilidade sustent\u00e1vel e sustentabilidade na busca pelos melhores talentos, nasceu CleanTech Jobs. Siga-nos no LinkedIn A COVID-19 revolucionou as rela\u00e7\u00f5es executivo-empresa Com a democratiza\u00e7\u00e3o do trabalho remoto, as empresas devem ser mais flex\u00edveis para atrair&#8230;<\/p>\n","protected":false},"author":7,"featured_media":0,"parent":0,"menu_order":0,"comment_status":"closed","ping_status":"closed","template":"","meta":{"_kad_post_transparent":"","_kad_post_title":"hide","_kad_post_layout":"fullwidth","_kad_post_sidebar_id":"","_kad_post_content_style":"unboxed","_kad_post_vertical_padding":"hide","_kad_post_feature":"hide","_kad_post_feature_position":"","_kad_post_header":false,"_kad_post_footer":false,"_kad_post_classname":"","footnotes":""},"class_list":["post-4282","page","type-page","status-publish","hentry"],"_links":{"self":[{"href":"https:\/\/investinlatam.org\/pt-br\/wp-json\/wp\/v2\/pages\/4282","targetHints":{"allow":["GET"]}}],"collection":[{"href":"https:\/\/investinlatam.org\/pt-br\/wp-json\/wp\/v2\/pages"}],"about":[{"href":"https:\/\/investinlatam.org\/pt-br\/wp-json\/wp\/v2\/types\/page"}],"author":[{"embeddable":true,"href":"https:\/\/investinlatam.org\/pt-br\/wp-json\/wp\/v2\/users\/7"}],"replies":[{"embeddable":true,"href":"https:\/\/investinlatam.org\/pt-br\/wp-json\/wp\/v2\/comments?post=4282"}],"version-history":[{"count":4,"href":"https:\/\/investinlatam.org\/pt-br\/wp-json\/wp\/v2\/pages\/4282\/revisions"}],"predecessor-version":[{"id":4286,"href":"https:\/\/investinlatam.org\/pt-br\/wp-json\/wp\/v2\/pages\/4282\/revisions\/4286"}],"wp:attachment":[{"href":"https:\/\/investinlatam.org\/pt-br\/wp-json\/wp\/v2\/media?parent=4282"}],"curies":[{"name":"wp","href":"https:\/\/api.w.org\/{rel}","templated":true}]}}